{"id":18892,"date":"2021-06-21T19:38:04","date_gmt":"2021-06-21T19:38:04","guid":{"rendered":"https:\/\/www.webpetarda.si\/Ponudbe\/femec\/trgovina\/shop\/nekategorizirano\/mirror-clover\/"},"modified":"2024-07-27T08:52:58","modified_gmt":"2024-07-27T08:52:58","slug":"mirror-clover","status":"publish","type":"product","link":"https:\/\/www.dekoidea.si\/at\/trgovina\/kategorije\/3d-stenski-okraski\/mirror-clover\/","title":{"rendered":"Kleeblatt-Spiegel"},"content":{"rendered":"<p>Selbstklebender kleeblattf\u00f6rmiger Spiegel.<\/p>\n<p>Gr\u00f6\u00dfe: 30 x 30 cm.<\/p>\n<p>Material: Acrylglas (Plexiglas).<\/p>","protected":false},"excerpt":{"rendered":"<p>Selbstklebender kleeblattf\u00f6rmiger Spiegel. Gr\u00f6\u00dfe: 30 x 30 cm.<\/p>","protected":false},"featured_media":19943,"comment_status":"open","ping_status":"closed","template":"","meta":[],"product_cat":[201,219],"product_tag":[],"_links":{"self":[{"href":"https:\/\/www.dekoidea.si\/at\/wp-json\/wp\/v2\/product\/18892"}],"collection":[{"href":"https:\/\/www.dekoidea.si\/at\/wp-json\/wp\/v2\/product"}],"about":[{"href":"https:\/\/www.dekoidea.si\/at\/wp-json\/wp\/v2\/types\/product"}],"replies":[{"embeddable":true,"href":"https:\/\/www.dekoidea.si\/at\/wp-json\/wp\/v2\/comments?post=18892"}],"version-history":[{"count":2,"href":"https:\/\/www.dekoidea.si\/at\/wp-json\/wp\/v2\/product\/18892\/revisions"}],"predecessor-version":[{"id":19945,"href":"https:\/\/www.dekoidea.si\/at\/wp-json\/wp\/v2\/product\/18892\/revisions\/19945"}],"wp:featuredmedia":[{"embeddable":true,"href":"https:\/\/www.dekoidea.si\/at\/wp-json\/wp\/v2\/media\/19943"}],"wp:attachment":[{"href":"https:\/\/www.dekoidea.si\/at\/wp-json\/wp\/v2\/media?parent=18892"}],"wp:term":[{"taxonomy":"product_cat","embeddable":true,"href":"https:\/\/www.dekoidea.si\/at\/wp-json\/wp\/v2\/product_cat?post=18892"},{"taxonomy":"product_tag","embeddable":true,"href":"https:\/\/www.dekoidea.si\/at\/wp-json\/wp\/v2\/product_tag?post=18892"}],"curies":[{"name":"wp","href":"https:\/\/api.w.org\/{rel}","templated":true}]}}