{"id":19009,"date":"2021-06-21T19:38:29","date_gmt":"2021-06-21T19:38:29","guid":{"rendered":"https:\/\/www.webpetarda.si\/Ponudbe\/femec\/trgovina\/shop\/nekategorizirano\/wa-l-flow-moon\/"},"modified":"2025-06-29T14:30:04","modified_gmt":"2025-06-29T14:30:04","slug":"wa-l-flow-moon","status":"publish","type":"product","link":"https:\/\/www.dekoidea.si\/at\/trgovina\/kategorije\/stenske-nalepke\/wa-l-flow-moon\/","title":{"rendered":"Leuchtender Mond L"},"content":{"rendered":"<p>Auch das sch\u00f6nste Kinderzimmer muss dekoriert werden, um die W\u00e4rme pers\u00f6nlich zu ber\u00fchren und das Kind durch sein Wachstum zu begleiten. Der kleine Junge wird eine abenteuerliche Atmosph\u00e4re mit Piraten, Autos und Dinosauriern bevorzugen. Das M\u00e4dchen wird den weichen, romantischen Raum lieben, der von Feen, bunten Blumen und Prinzessinnen umgeben ist. Deshalb sind die Kids Line-Ornamente, die wir f\u00fcr alle Kinderalter anbieten, wirklich perfekt.<\/p>\n<p>Lassen Sie Ihr Kind von bezaubernden Klebeschildern aus Schaumstoff begeistern und vergessen Sie nicht, mit unseren leuchtenden Sternen, einem Klassiker aller Kindergenerationen, nachts das ganze Zimmer zu erleuchten!<\/p>\n<p>Verpackung 47,5 \u00d7 70 cm, Inhalt 1 Blatt 47 \u00d7 67 cm<\/p>","protected":false},"excerpt":{"rendered":"<p class=\"elementor-heading-title elementor-size-default\">Svetle\u010da Luna L je stenska nalepka za otro\u0161ke sobe, ki se sveti v temi. Pakiranje 47,5&#215;70 cm, vsebina 1 lista 47&#215;67 cm<\/p>","protected":false},"featured_media":20275,"comment_status":"open","ping_status":"closed","template":"","meta":[],"product_cat":[198,197,219],"product_tag":[],"_links":{"self":[{"href":"https:\/\/www.dekoidea.si\/at\/wp-json\/wp\/v2\/product\/19009"}],"collection":[{"href":"https:\/\/www.dekoidea.si\/at\/wp-json\/wp\/v2\/product"}],"about":[{"href":"https:\/\/www.dekoidea.si\/at\/wp-json\/wp\/v2\/types\/product"}],"replies":[{"embeddable":true,"href":"https:\/\/www.dekoidea.si\/at\/wp-json\/wp\/v2\/comments?post=19009"}],"version-history":[{"count":3,"href":"https:\/\/www.dekoidea.si\/at\/wp-json\/wp\/v2\/product\/19009\/revisions"}],"predecessor-version":[{"id":20276,"href":"https:\/\/www.dekoidea.si\/at\/wp-json\/wp\/v2\/product\/19009\/revisions\/20276"}],"wp:featuredmedia":[{"embeddable":true,"href":"https:\/\/www.dekoidea.si\/at\/wp-json\/wp\/v2\/media\/20275"}],"wp:attachment":[{"href":"https:\/\/www.dekoidea.si\/at\/wp-json\/wp\/v2\/media?parent=19009"}],"wp:term":[{"taxonomy":"product_cat","embeddable":true,"href":"https:\/\/www.dekoidea.si\/at\/wp-json\/wp\/v2\/product_cat?post=19009"},{"taxonomy":"product_tag","embeddable":true,"href":"https:\/\/www.dekoidea.si\/at\/wp-json\/wp\/v2\/product_tag?post=19009"}],"curies":[{"name":"wp","href":"https:\/\/api.w.org\/{rel}","templated":true}]}}