{"id":19026,"date":"2021-06-21T19:38:32","date_gmt":"2021-06-21T19:38:32","guid":{"rendered":"https:\/\/www.webpetarda.si\/Ponudbe\/femec\/trgovina\/shop\/nekategorizirano\/l-flat-purple-flowers\/"},"modified":"2025-06-29T14:53:11","modified_gmt":"2025-06-29T14:53:11","slug":"l-flat-purple-flowers","status":"publish","type":"product","link":"https:\/\/www.dekoidea.si\/at\/trgovina\/kategorije\/stenske-nalepke\/l-flat-purple-flowers\/","title":{"rendered":"Lila Bl\u00fcten L"},"content":{"rendered":"<p>Wandaufkleber sind selbstklebende Dekorationen, die sich perfekt f\u00fcr jeden Raum im Haus sowie f\u00fcr \u00f6ffentliche R\u00e4ume wie Caf\u00e9s, Restaurants und B\u00fcros eignen. Unsere Wandsticker, die einfach anzubringen und zu entfernen sind, stellen eine traditionelle Dekoration dar, ein Dauerbrenner im Bereich der Dekoration. Unsere Auswahl ist reichhaltig und vollst\u00e4ndig: verschiedene Gr\u00f6\u00dfen, um eine gro\u00dfe Wandfl\u00e4che zu dekorieren oder in jeder Ecke des Raums oder M\u00f6bels einen kleinen dekorativen Akzent zu setzen. Alle unsere Etiketten werden auf ungiftigem Material mit hochwertigem, abl\u00f6sbarem Klebstoff gedruckt. Verpackung 47,5 \u00d7 70 cm, Inhalt 1 Blatt 47 \u00d7 67 cm<\/p>","protected":false},"excerpt":{"rendered":"<p>Vijoli\u010dno cvetje\u00a0L je velika stenska nalepka namenjena dekoraciji sten. Velikost nalepke 1 list 47 x 67cm. Pokrita povr\u0161ina na steni 85 x 50 cm.<\/p>","protected":false},"featured_media":19894,"comment_status":"open","ping_status":"closed","template":"","meta":[],"product_cat":[197,219],"product_tag":[],"_links":{"self":[{"href":"https:\/\/www.dekoidea.si\/at\/wp-json\/wp\/v2\/product\/19026"}],"collection":[{"href":"https:\/\/www.dekoidea.si\/at\/wp-json\/wp\/v2\/product"}],"about":[{"href":"https:\/\/www.dekoidea.si\/at\/wp-json\/wp\/v2\/types\/product"}],"replies":[{"embeddable":true,"href":"https:\/\/www.dekoidea.si\/at\/wp-json\/wp\/v2\/comments?post=19026"}],"version-history":[{"count":3,"href":"https:\/\/www.dekoidea.si\/at\/wp-json\/wp\/v2\/product\/19026\/revisions"}],"predecessor-version":[{"id":19895,"href":"https:\/\/www.dekoidea.si\/at\/wp-json\/wp\/v2\/product\/19026\/revisions\/19895"}],"wp:featuredmedia":[{"embeddable":true,"href":"https:\/\/www.dekoidea.si\/at\/wp-json\/wp\/v2\/media\/19894"}],"wp:attachment":[{"href":"https:\/\/www.dekoidea.si\/at\/wp-json\/wp\/v2\/media?parent=19026"}],"wp:term":[{"taxonomy":"product_cat","embeddable":true,"href":"https:\/\/www.dekoidea.si\/at\/wp-json\/wp\/v2\/product_cat?post=19026"},{"taxonomy":"product_tag","embeddable":true,"href":"https:\/\/www.dekoidea.si\/at\/wp-json\/wp\/v2\/product_tag?post=19026"}],"curies":[{"name":"wp","href":"https:\/\/api.w.org\/{rel}","templated":true}]}}