{"id":20706,"date":"2021-08-30T13:40:05","date_gmt":"2021-08-30T13:40:05","guid":{"rendered":"https:\/\/www.webpetarda.si\/Ponudbe\/femec\/?post_type=product&#038;p=20706"},"modified":"2021-09-06T08:47:09","modified_gmt":"2021-09-06T08:47:09","slug":"vzglavje-zvezdnata-noc-van-gogh-dvoposteljno-xl","status":"publish","type":"product","link":"https:\/\/www.dekoidea.si\/at\/trgovina\/posteljno-vzglavje\/vzglavje-zvezdnata-noc-van-gogh-dvoposteljno-xl\/","title":{"rendered":"Dachhimmel Sternennacht Van Gogh Double XL"},"content":{"rendered":"<p>Bettkopfteile sind Wandaufkleber aus blauem Design und einfach anzubringen. Weich und leicht zu reinigen, verhindern sie Schimmel an Wandoberfl\u00e4chen und sorgen f\u00fcr zus\u00e4tzliche Isolierung. Leicht zu reinigen mit nicht scheuernden Mitteln.<\/p>\n<p>Material: 2 mm dicker ungiftiger Schaumstoff<\/p>\n<p>Gr\u00f6\u00dfe: 1 Tafel 165 x 78 cm<\/p>\n<p>Nur auf Vorbestellung. Nach der Bestellung kann der Liefertermin bis zu 30 Arbeitstage betragen.<\/p>","protected":false},"excerpt":{"rendered":"<p>Headdress Starry Night Van Gogh Double XL ist ein weicher Wandaufkleber aus Schaumstoff f\u00fcr das Kopfteil. Gr\u00f6\u00dfe: 1 Tafel 165 x 78 cm. Auf Vorbestellung erh\u00e4ltlich<\/p>","protected":false},"featured_media":20710,"comment_status":"open","ping_status":"closed","template":"","meta":[],"product_cat":[209,207,219],"product_tag":[],"_links":{"self":[{"href":"https:\/\/www.dekoidea.si\/at\/wp-json\/wp\/v2\/product\/20706"}],"collection":[{"href":"https:\/\/www.dekoidea.si\/at\/wp-json\/wp\/v2\/product"}],"about":[{"href":"https:\/\/www.dekoidea.si\/at\/wp-json\/wp\/v2\/types\/product"}],"replies":[{"embeddable":true,"href":"https:\/\/www.dekoidea.si\/at\/wp-json\/wp\/v2\/comments?post=20706"}],"version-history":[{"count":2,"href":"https:\/\/www.dekoidea.si\/at\/wp-json\/wp\/v2\/product\/20706\/revisions"}],"predecessor-version":[{"id":20899,"href":"https:\/\/www.dekoidea.si\/at\/wp-json\/wp\/v2\/product\/20706\/revisions\/20899"}],"wp:featuredmedia":[{"embeddable":true,"href":"https:\/\/www.dekoidea.si\/at\/wp-json\/wp\/v2\/media\/20710"}],"wp:attachment":[{"href":"https:\/\/www.dekoidea.si\/at\/wp-json\/wp\/v2\/media?parent=20706"}],"wp:term":[{"taxonomy":"product_cat","embeddable":true,"href":"https:\/\/www.dekoidea.si\/at\/wp-json\/wp\/v2\/product_cat?post=20706"},{"taxonomy":"product_tag","embeddable":true,"href":"https:\/\/www.dekoidea.si\/at\/wp-json\/wp\/v2\/product_tag?post=20706"}],"curies":[{"name":"wp","href":"https:\/\/api.w.org\/{rel}","templated":true}]}}