{"id":20722,"date":"2021-08-31T07:03:23","date_gmt":"2021-08-31T07:03:23","guid":{"rendered":"https:\/\/www.webpetarda.si\/Ponudbe\/femec\/?post_type=product&#038;p=20722"},"modified":"2023-08-08T09:32:24","modified_gmt":"2023-08-08T09:32:24","slug":"vzglavniki-otroski-luna-enoposteljno-xl","status":"publish","type":"product","link":"https:\/\/www.dekoidea.si\/at\/trgovina\/kategorije\/otroske-nalepke\/vzglavniki-otroski-luna-enoposteljno-xl\/","title":{"rendered":"Kinderkissen Luna Single XL"},"content":{"rendered":"<p>Bettkopfteile sind Wandaufkleber in modernem Design und einfach anzubringen. Weich und leicht zu reinigen, verhindern sie Schimmel an Wandoberfl\u00e4chen und sorgen f\u00fcr zus\u00e4tzliche Isolierung. Leicht zu reinigen mit nicht scheuernden Mitteln.<\/p>\n<p>Material: 2 mm dicker ungiftiger Schaumstoff<\/p>\n<p>Gr\u00f6\u00dfe: 1 Tafel 94 x 92 cm max.<\/p>\n<p>Nur auf Vorbestellung. Nach der Bestellung kann der Liefertermin bis zu 30 Arbeitstage betragen.<\/p>","protected":false},"excerpt":{"rendered":"<p>Das Kinderkissen Luna Single XL ist ein weicher, aus Schaumstoff hergestellter Wandaufkleber f\u00fcr das Kopfteil. Gr\u00f6\u00dfe: 1 Tafel 94 x 92 cm max. Auf Vorbestellung erh\u00e4ltlich<\/p>","protected":false},"featured_media":20725,"comment_status":"open","ping_status":"closed","template":"","meta":[],"product_cat":[209,195,198,207,219],"product_tag":[],"_links":{"self":[{"href":"https:\/\/www.dekoidea.si\/at\/wp-json\/wp\/v2\/product\/20722"}],"collection":[{"href":"https:\/\/www.dekoidea.si\/at\/wp-json\/wp\/v2\/product"}],"about":[{"href":"https:\/\/www.dekoidea.si\/at\/wp-json\/wp\/v2\/types\/product"}],"replies":[{"embeddable":true,"href":"https:\/\/www.dekoidea.si\/at\/wp-json\/wp\/v2\/comments?post=20722"}],"version-history":[{"count":2,"href":"https:\/\/www.dekoidea.si\/at\/wp-json\/wp\/v2\/product\/20722\/revisions"}],"predecessor-version":[{"id":20895,"href":"https:\/\/www.dekoidea.si\/at\/wp-json\/wp\/v2\/product\/20722\/revisions\/20895"}],"wp:featuredmedia":[{"embeddable":true,"href":"https:\/\/www.dekoidea.si\/at\/wp-json\/wp\/v2\/media\/20725"}],"wp:attachment":[{"href":"https:\/\/www.dekoidea.si\/at\/wp-json\/wp\/v2\/media?parent=20722"}],"wp:term":[{"taxonomy":"product_cat","embeddable":true,"href":"https:\/\/www.dekoidea.si\/at\/wp-json\/wp\/v2\/product_cat?post=20722"},{"taxonomy":"product_tag","embeddable":true,"href":"https:\/\/www.dekoidea.si\/at\/wp-json\/wp\/v2\/product_tag?post=20722"}],"curies":[{"name":"wp","href":"https:\/\/api.w.org\/{rel}","templated":true}]}}