{"id":20779,"date":"2021-09-03T07:44:50","date_gmt":"2021-09-03T07:44:50","guid":{"rendered":"https:\/\/www.webpetarda.si\/Ponudbe\/femec\/?post_type=product&#038;p=20779"},"modified":"2023-08-08T09:28:07","modified_gmt":"2023-08-08T09:28:07","slug":"kamnite-roze-talne-ploscice-l","status":"publish","type":"product","link":"https:\/\/www.dekoidea.si\/at\/trgovina\/kategorije\/za-kopalnico\/kamnite-roze-talne-ploscice-l\/","title":{"rendered":"Steinfliesenblumen L"},"content":{"rendered":"<p>Dekorative Bodenfliesen bestehen aus rutschfestem Vinyl in matter Optik. Abwaschbare und kratzfeste Fliesen sind einfach zu installieren und zu entfernen. Fliesen k\u00f6nnen entfernt werden, ohne Klebespuren zu hinterlassen und ohne den Boden zu besch\u00e4digen.<\/p>\n<p>Einfach mit einem Olfa-Messer zu schneiden. Leicht zu reinigen mit Universalreiniger. Dicke 0,3 mm, wodurch sie auch unter der T\u00fcr montiert werden k\u00f6nnen. Sie verblassen nicht. Wasser- und feuchtigkeitsbest\u00e4ndig.<\/p>\n<p>Wir empfehlen, dass Sie Ger\u00e4te und schwerere M\u00f6bel im Raum aufstellen, bevor Sie die Fliesen verlegen, da das Bewegen schwererer Gegenst\u00e4nde die Oberfl\u00e4che der Fliesen zerkratzen kann.<\/p>\n<p>Material: ungiftiges Vinyl, phthalatfrei, R9-zertifizierte Rutschfestigkeit<\/p>\n<p>Verpackung: 3 Fliesen, 40 x 40 cm.<\/p>\n<p>Nur auf Vorbestellung. Nach der Bestellung kann der Liefertermin bis zu 30 Arbeitstage betragen.<\/p>","protected":false},"excerpt":{"rendered":"<p>Steinblumen Bodenfliesen L sind dekorative Schutzaufkleber f\u00fcr K\u00fcche und Bad. Sie sind best\u00e4ndig gegen Feuchtigkeit und Wasser. Verpackung: 3 Fliesen, 40 x 40 cm.<\/p>","protected":false},"featured_media":20782,"comment_status":"open","ping_status":"closed","template":"","meta":[],"product_cat":[209,219,202,203,208],"product_tag":[],"_links":{"self":[{"href":"https:\/\/www.dekoidea.si\/at\/wp-json\/wp\/v2\/product\/20779"}],"collection":[{"href":"https:\/\/www.dekoidea.si\/at\/wp-json\/wp\/v2\/product"}],"about":[{"href":"https:\/\/www.dekoidea.si\/at\/wp-json\/wp\/v2\/types\/product"}],"replies":[{"embeddable":true,"href":"https:\/\/www.dekoidea.si\/at\/wp-json\/wp\/v2\/comments?post=20779"}],"version-history":[{"count":2,"href":"https:\/\/www.dekoidea.si\/at\/wp-json\/wp\/v2\/product\/20779\/revisions"}],"predecessor-version":[{"id":20884,"href":"https:\/\/www.dekoidea.si\/at\/wp-json\/wp\/v2\/product\/20779\/revisions\/20884"}],"wp:featuredmedia":[{"embeddable":true,"href":"https:\/\/www.dekoidea.si\/at\/wp-json\/wp\/v2\/media\/20782"}],"wp:attachment":[{"href":"https:\/\/www.dekoidea.si\/at\/wp-json\/wp\/v2\/media?parent=20779"}],"wp:term":[{"taxonomy":"product_cat","embeddable":true,"href":"https:\/\/www.dekoidea.si\/at\/wp-json\/wp\/v2\/product_cat?post=20779"},{"taxonomy":"product_tag","embeddable":true,"href":"https:\/\/www.dekoidea.si\/at\/wp-json\/wp\/v2\/product_tag?post=20779"}],"curies":[{"name":"wp","href":"https:\/\/api.w.org\/{rel}","templated":true}]}}