{"id":20816,"date":"2021-09-03T12:14:30","date_gmt":"2021-09-03T12:14:30","guid":{"rendered":"https:\/\/www.webpetarda.si\/Ponudbe\/femec\/?post_type=product&#038;p=20816"},"modified":"2025-01-22T15:08:33","modified_gmt":"2025-01-22T15:08:33","slug":"bele-opeke-zascitna-obroba-m","status":"publish","type":"product","link":"https:\/\/www.dekoidea.si\/at\/trgovina\/kategorije\/za-kopalnico\/bele-opeke-zascitna-obroba-m\/","title":{"rendered":"Schutzrand aus wei\u00dfem Backstein M"},"content":{"rendered":"<p>Die Schutzumrandung besteht aus 3D-Fliesen, die mit ihrer St\u00e4rke von 2 mm einen hervorragenden Schutz vor St\u00f6\u00dfen bieten, wasserdicht sind und bei der Schalld\u00e4mmung helfen. Einfach zu installieren und zu schneiden, mit Olfa-Messer. Leicht zu reinigen mit nicht scheuernden Reinigungsmitteln.<\/p>\n<p>Gr\u00f6\u00dfe: 3 St\u00fcck 30 \u00d7 30 cm<br \/>\nMaterial: EVA-Schaum, ungiftig<\/p>\n<p>Nur auf Vorbestellung. Nach der Bestellung kann der Liefertermin bis zu 30 Arbeitstage betragen.<\/p>","protected":false},"excerpt":{"rendered":"<p>Bele opeke za\u0161\u010ditna obroba M so za\u0161\u010ditne plo\u0161\u010dice, ki so vodoodporne in pripomorejo pri zvo\u010dni izolaciji. Velikost: 3 pcs 30&#215;30 cm<\/p>","protected":false},"featured_media":20821,"comment_status":"open","ping_status":"closed","template":"","meta":[],"product_cat":[209,219,202,203,208],"product_tag":[],"_links":{"self":[{"href":"https:\/\/www.dekoidea.si\/at\/wp-json\/wp\/v2\/product\/20816"}],"collection":[{"href":"https:\/\/www.dekoidea.si\/at\/wp-json\/wp\/v2\/product"}],"about":[{"href":"https:\/\/www.dekoidea.si\/at\/wp-json\/wp\/v2\/types\/product"}],"replies":[{"embeddable":true,"href":"https:\/\/www.dekoidea.si\/at\/wp-json\/wp\/v2\/comments?post=20816"}],"version-history":[{"count":3,"href":"https:\/\/www.dekoidea.si\/at\/wp-json\/wp\/v2\/product\/20816\/revisions"}],"predecessor-version":[{"id":20877,"href":"https:\/\/www.dekoidea.si\/at\/wp-json\/wp\/v2\/product\/20816\/revisions\/20877"}],"wp:featuredmedia":[{"embeddable":true,"href":"https:\/\/www.dekoidea.si\/at\/wp-json\/wp\/v2\/media\/20821"}],"wp:attachment":[{"href":"https:\/\/www.dekoidea.si\/at\/wp-json\/wp\/v2\/media?parent=20816"}],"wp:term":[{"taxonomy":"product_cat","embeddable":true,"href":"https:\/\/www.dekoidea.si\/at\/wp-json\/wp\/v2\/product_cat?post=20816"},{"taxonomy":"product_tag","embeddable":true,"href":"https:\/\/www.dekoidea.si\/at\/wp-json\/wp\/v2\/product_tag?post=20816"}],"curies":[{"name":"wp","href":"https:\/\/api.w.org\/{rel}","templated":true}]}}