{"id":20865,"date":"2021-09-03T13:08:52","date_gmt":"2021-09-03T13:08:52","guid":{"rendered":"https:\/\/www.webpetarda.si\/Ponudbe\/femec\/?post_type=product&#038;p=20865"},"modified":"2023-08-08T09:19:40","modified_gmt":"2023-08-08T09:19:40","slug":"fantazija-zascitne-ploscice-m","status":"publish","type":"product","link":"https:\/\/www.dekoidea.si\/at\/trgovina\/kategorije\/za-kopalnico\/fantazija-zascitne-ploscice-m\/","title":{"rendered":"Phantasie M Schutzfliesen"},"content":{"rendered":"<p>Die Schutzfliesen sind universelle dekorative Wandaufkleber, die mit ihrem trendigen Design Ihre R\u00e4ume schm\u00fccken. Sie k\u00f6nnen direkt an die Wand oder auf Ihre alten Fliesen angebracht werden. Die Anbringung und Reinigung dieser Fliesen, die wasser- und feuerfest sind, ist sehr einfach. Sie k\u00f6nnen auch in die Duschkabinen aufgeklebt werden.<\/p>\n<p><span class=\"s1\">Gr\u00f6\u00dfe: 20 \u00d7 20 cm<\/span><\/p>\n<p>Material:\u00a0hochwertiges PVC.<\/p>\n<p>Nur auf Vorbestellung. Nach der Bestellung kann der Liefertermin bis zu 30 Arbeitstage betragen.<\/p>","protected":false},"excerpt":{"rendered":"<p class=\"elementor-heading-title elementor-size-default\">Die Schutzfliesen Phantasie M sind universelle dekorative Wandaufkleber, die mit ihrem trendigen Design Ihre R\u00e4ume schm\u00fccken. Sie k\u00f6nnen direkt an die Wand oder auf Ihre alten Fliesen angebracht werden. <span class=\"s1\">Gr\u00f6\u00dfe: 20x20 cm.<\/span><\/p>","protected":false},"featured_media":20868,"comment_status":"open","ping_status":"closed","template":"","meta":[],"product_cat":[209,219,202,203,208],"product_tag":[],"_links":{"self":[{"href":"https:\/\/www.dekoidea.si\/at\/wp-json\/wp\/v2\/product\/20865"}],"collection":[{"href":"https:\/\/www.dekoidea.si\/at\/wp-json\/wp\/v2\/product"}],"about":[{"href":"https:\/\/www.dekoidea.si\/at\/wp-json\/wp\/v2\/types\/product"}],"replies":[{"embeddable":true,"href":"https:\/\/www.dekoidea.si\/at\/wp-json\/wp\/v2\/comments?post=20865"}],"version-history":[{"count":2,"href":"https:\/\/www.dekoidea.si\/at\/wp-json\/wp\/v2\/product\/20865\/revisions"}],"predecessor-version":[{"id":20870,"href":"https:\/\/www.dekoidea.si\/at\/wp-json\/wp\/v2\/product\/20865\/revisions\/20870"}],"wp:featuredmedia":[{"embeddable":true,"href":"https:\/\/www.dekoidea.si\/at\/wp-json\/wp\/v2\/media\/20868"}],"wp:attachment":[{"href":"https:\/\/www.dekoidea.si\/at\/wp-json\/wp\/v2\/media?parent=20865"}],"wp:term":[{"taxonomy":"product_cat","embeddable":true,"href":"https:\/\/www.dekoidea.si\/at\/wp-json\/wp\/v2\/product_cat?post=20865"},{"taxonomy":"product_tag","embeddable":true,"href":"https:\/\/www.dekoidea.si\/at\/wp-json\/wp\/v2\/product_tag?post=20865"}],"curies":[{"name":"wp","href":"https:\/\/api.w.org\/{rel}","templated":true}]}}