{"id":21718,"date":"2023-09-07T15:33:27","date_gmt":"2023-09-07T15:33:27","guid":{"rendered":"https:\/\/www.dekoidea.si\/?post_type=product&#038;p=21718"},"modified":"2026-02-16T16:39:32","modified_gmt":"2026-02-16T16:39:32","slug":"mali-srcki-s","status":"publish","type":"product","link":"https:\/\/www.dekoidea.si\/at\/trgovina\/kategorije\/stenske-nalepke\/mali-srcki-s\/","title":{"rendered":"Kleine Herzen S"},"content":{"rendered":"<p>Wandaufkleber sind selbstklebende Dekorationen, die sowohl zu Hause in jedem Raum verwendbar sind, wie auch in \u00f6ffentlichen R\u00e4umen wie z.B. Caf\u00e9s, Restaurants und B\u00fcros. Unsere Wandaufkleber, die einfach anzubringen und abzukleben sind, stellen eine traditionelle Dekoration dar - einen Evergreen auf dem Gebiet der Dekoration. Unsere Auswahl ist breit und vollkommen: verschiedene Gr\u00f6\u00dfen zur Dekoration einer gro\u00dfen Wandfl\u00e4che oder zum Anbringen von kleinen dekorativen Akzenten im Raum oder auf ein M\u00f6belst\u00fcck. Unsere Aufkleber sind alle auf nicht-toxischem Material gedruckt und mit hochwertigem entfernbaren Klebstoff versehen.<\/p>\n<p>Pakiranje: 15,5\u00d734 cm, vsebina 2 lista 15\u00d731 cm<\/p>","protected":false},"excerpt":{"rendered":"<p>Stenske nalepke so samolepilne dekoracije, ki so kot nala\u0161\u010d za vsak prostor doma, pa tudi za javne prostore, kot so kavarne, restavracije in pisarne. Na\u0161e stenske nalepke, ki jih je enostavno nanesti in odstraniti, predstavljajo tradicionalno dekoracijo, zimzeleno na podro\u010dju dekoracije. Na\u0161 izbor je bogat in popoln: razli\u010dne velikosti za okrasitev velike stenske povr\u0161ine ali [&hellip;]<\/p>","protected":false},"featured_media":21720,"comment_status":"open","ping_status":"closed","template":"","meta":[],"product_cat":[195,197,219],"product_tag":[],"_links":{"self":[{"href":"https:\/\/www.dekoidea.si\/at\/wp-json\/wp\/v2\/product\/21718"}],"collection":[{"href":"https:\/\/www.dekoidea.si\/at\/wp-json\/wp\/v2\/product"}],"about":[{"href":"https:\/\/www.dekoidea.si\/at\/wp-json\/wp\/v2\/types\/product"}],"replies":[{"embeddable":true,"href":"https:\/\/www.dekoidea.si\/at\/wp-json\/wp\/v2\/comments?post=21718"}],"version-history":[{"count":1,"href":"https:\/\/www.dekoidea.si\/at\/wp-json\/wp\/v2\/product\/21718\/revisions"}],"predecessor-version":[{"id":21721,"href":"https:\/\/www.dekoidea.si\/at\/wp-json\/wp\/v2\/product\/21718\/revisions\/21721"}],"wp:featuredmedia":[{"embeddable":true,"href":"https:\/\/www.dekoidea.si\/at\/wp-json\/wp\/v2\/media\/21720"}],"wp:attachment":[{"href":"https:\/\/www.dekoidea.si\/at\/wp-json\/wp\/v2\/media?parent=21718"}],"wp:term":[{"taxonomy":"product_cat","embeddable":true,"href":"https:\/\/www.dekoidea.si\/at\/wp-json\/wp\/v2\/product_cat?post=21718"},{"taxonomy":"product_tag","embeddable":true,"href":"https:\/\/www.dekoidea.si\/at\/wp-json\/wp\/v2\/product_tag?post=21718"}],"curies":[{"name":"wp","href":"https:\/\/api.w.org\/{rel}","templated":true}]}}