{"id":21849,"date":"2023-10-03T09:02:12","date_gmt":"2023-10-03T09:02:12","guid":{"rendered":"https:\/\/www.dekoidea.si\/?post_type=product&#038;p=21849"},"modified":"2024-07-27T09:59:40","modified_gmt":"2024-07-27T09:59:40","slug":"nakupovalni-seznam-ml-pisi-brisi","status":"publish","type":"product","link":"https:\/\/www.dekoidea.si\/at\/trgovina\/kategorije\/stenske-nalepke\/nakupovalni-seznam-ml-pisi-brisi\/","title":{"rendered":"Nakupovalni seznam ML pi\u0161i bri\u0161i"},"content":{"rendered":"<p>a\u0161e pi\u0161i bri\u0161i nalepke, so primerne za namestitev na ravne in gladke povr\u0161ine. Na njih lahko pi\u0161emo z navadno kredo ali teko\u010do kredo. Kred ni vklju\u010dena<br \/>\nEnostavna namestitev nam omogo\u010da hitro uporabo pi\u0161i bri\u0161i nalepk.<br \/>\nVelikost: 30x50cm.<br \/>\nMaterial PVC<\/p>","protected":false},"excerpt":{"rendered":"<p>Nakupovalni seznam ML pi\u0161i bri\u0161i je pi\u0161i bri\u0161i nalepka namenjena doma\u010di in profesionalni rabi. Pi\u0161emo lahko z teko\u010do kredo ali navadno kredo, ki nista vklju\u010deni. Velikost: 30x50cm.<\/p>","protected":false},"featured_media":21851,"comment_status":"open","ping_status":"closed","template":"","meta":[],"product_cat":[195,197,219,203],"product_tag":[],"_links":{"self":[{"href":"https:\/\/www.dekoidea.si\/at\/wp-json\/wp\/v2\/product\/21849"}],"collection":[{"href":"https:\/\/www.dekoidea.si\/at\/wp-json\/wp\/v2\/product"}],"about":[{"href":"https:\/\/www.dekoidea.si\/at\/wp-json\/wp\/v2\/types\/product"}],"replies":[{"embeddable":true,"href":"https:\/\/www.dekoidea.si\/at\/wp-json\/wp\/v2\/comments?post=21849"}],"version-history":[{"count":1,"href":"https:\/\/www.dekoidea.si\/at\/wp-json\/wp\/v2\/product\/21849\/revisions"}],"predecessor-version":[{"id":21854,"href":"https:\/\/www.dekoidea.si\/at\/wp-json\/wp\/v2\/product\/21849\/revisions\/21854"}],"wp:featuredmedia":[{"embeddable":true,"href":"https:\/\/www.dekoidea.si\/at\/wp-json\/wp\/v2\/media\/21851"}],"wp:attachment":[{"href":"https:\/\/www.dekoidea.si\/at\/wp-json\/wp\/v2\/media?parent=21849"}],"wp:term":[{"taxonomy":"product_cat","embeddable":true,"href":"https:\/\/www.dekoidea.si\/at\/wp-json\/wp\/v2\/product_cat?post=21849"},{"taxonomy":"product_tag","embeddable":true,"href":"https:\/\/www.dekoidea.si\/at\/wp-json\/wp\/v2\/product_tag?post=21849"}],"curies":[{"name":"wp","href":"https:\/\/api.w.org\/{rel}","templated":true}]}}