{"id":21936,"date":"2024-12-09T15:08:22","date_gmt":"2024-12-09T15:08:22","guid":{"rendered":"https:\/\/www.dekoidea.si\/trgovina\/nekategorizirano\/samorog-ml-dvostranska-copy\/"},"modified":"2026-02-27T14:12:35","modified_gmt":"2026-02-27T14:12:35","slug":"snezinke-ml-dvostranska","status":"publish","type":"product","link":"https:\/\/www.dekoidea.si\/at\/trgovina\/kategorije\/bozicne-nalepke\/snezinke-ml-dvostranska\/","title":{"rendered":"Weihnachtsschneeflocken ML doppelseitig"},"content":{"rendered":"<p>Die Linie der festlichen Dekorationen f\u00fcr Fenster und W\u00e4nde wird f\u00fcr die Dekoration von Fenstern und anderen Glasfl\u00e4chen (Spiegel usw.) benutzt wie auch zur Anbringung auf glatte Oberfl\u00e4chen, z.B. auf W\u00e4nde und Schr\u00e4nke. Dekorationen sind beidseitig  und aus PVC gemacht. Es bleiben folglich auf ihren Fenstern keine Klebstoffr\u00fcckst\u00e4nde, die Anbringung ist schnell und einfach. Die Dekorationen k\u00f6nnen mehrmals umgestaltet werden. Die Glasoberfl\u00e4che kann normal mit Glasreiniger gereinigt werden, auch wenn die Dekorationen aufgeklebt sind.<\/p>\n<p>Inhalt: 1 Bogen, Gr\u00f6\u00dfe:  22\u00d767 cm.<\/p>\n<p>Material: nicht toxisches Vinyl.<\/p>","protected":false},"excerpt":{"rendered":"<p>Bo\u017ei\u010dne sne\u017einke ML dvostranska je\u00a0dekorativna prazni\u010dna nalepka za polep\u0161anje va\u0161ih prostorov in oken za praznovanje bo\u017ei\u010da in novega leta. Velikost je 22&#215;67 cm.<\/p>","protected":false},"featured_media":21230,"comment_status":"open","ping_status":"closed","template":"","meta":[],"product_cat":[238,210,219],"product_tag":[],"_links":{"self":[{"href":"https:\/\/www.dekoidea.si\/at\/wp-json\/wp\/v2\/product\/21936"}],"collection":[{"href":"https:\/\/www.dekoidea.si\/at\/wp-json\/wp\/v2\/product"}],"about":[{"href":"https:\/\/www.dekoidea.si\/at\/wp-json\/wp\/v2\/types\/product"}],"replies":[{"embeddable":true,"href":"https:\/\/www.dekoidea.si\/at\/wp-json\/wp\/v2\/comments?post=21936"}],"version-history":[{"count":2,"href":"https:\/\/www.dekoidea.si\/at\/wp-json\/wp\/v2\/product\/21936\/revisions"}],"predecessor-version":[{"id":21938,"href":"https:\/\/www.dekoidea.si\/at\/wp-json\/wp\/v2\/product\/21936\/revisions\/21938"}],"wp:featuredmedia":[{"embeddable":true,"href":"https:\/\/www.dekoidea.si\/at\/wp-json\/wp\/v2\/media\/21230"}],"wp:attachment":[{"href":"https:\/\/www.dekoidea.si\/at\/wp-json\/wp\/v2\/media?parent=21936"}],"wp:term":[{"taxonomy":"product_cat","embeddable":true,"href":"https:\/\/www.dekoidea.si\/at\/wp-json\/wp\/v2\/product_cat?post=21936"},{"taxonomy":"product_tag","embeddable":true,"href":"https:\/\/www.dekoidea.si\/at\/wp-json\/wp\/v2\/product_tag?post=21936"}],"curies":[{"name":"wp","href":"https:\/\/api.w.org\/{rel}","templated":true}]}}