{"id":21142,"date":"2021-09-28T21:59:26","date_gmt":"2021-09-28T21:59:26","guid":{"rendered":"https:\/\/www.dekoidea.si\/splosni-pogoji-poslovanja-in-politika-zasebnosti-copy\/"},"modified":"2021-09-28T22:09:25","modified_gmt":"2021-09-28T22:09:25","slug":"notice-za-piskotke","status":"publish","type":"page","link":"https:\/\/www.dekoidea.si\/en\/notice-za-piskotke\/","title":{"rendered":"Norice za pi\u0161kotke"},"content":{"rendered":"<div data-elementor-type=\"wp-page\" data-elementor-id=\"21142\" class=\"elementor elementor-21142\" data-elementor-settings=\"[]\">\n\t\t\t\t\t\t\t<div class=\"elementor-section-wrap\">\n\t\t\t\t\t\t\t<section class=\"elementor-section elementor-top-section elementor-element elementor-element-0cdc8d9 elementor-section-boxed elementor-section-height-default elementor-section-height-default\" data-id=\"0cdc8d9\" data-element_type=\"section\">\n\t\t\t\t\t\t<div class=\"elementor-container elementor-column-gap-default\">\n\t\t\t\t\t<div class=\"elementor-column elementor-col-100 elementor-top-column elementor-element elementor-element-de934d3\" data-id=\"de934d3\" data-element_type=\"column\">\n\t\t\t<div class=\"elementor-widget-wrap\">\n\t\t\t\t\t\t\t\t\t<\/div>\n\t\t<\/div>\n\t\t\t\t\t\t\t<\/div>\n\t\t<\/section>\n\t\t\t\t<section class=\"elementor-section elementor-top-section elementor-element elementor-element-2d9b085 elementor-section-boxed elementor-section-height-default elementor-section-height-default\" data-id=\"2d9b085\" data-element_type=\"section\">\n\t\t\t\t\t\t<div class=\"elementor-container elementor-column-gap-default\">\n\t\t\t\t\t<div class=\"elementor-column elementor-col-100 elementor-top-column elementor-element elementor-element-17552b8\" data-id=\"17552b8\" data-element_type=\"column\">\n\t\t\t<div class=\"elementor-widget-wrap elementor-element-populated\">\n\t\t\t\t\t\t\t\t<div class=\"elementor-element elementor-element-e168f73 elementor-widget elementor-widget-heading\" data-id=\"e168f73\" data-element_type=\"widget\" data-widget_type=\"heading.default\">\n\t\t\t\t<div class=\"elementor-widget-container\">\n\t\t\t<h2 class=\"elementor-heading-title elementor-size-default\">COOKIES<\/h2>\t\t<\/div>\n\t\t\t\t<\/div>\n\t\t\t\t<div class=\"elementor-element elementor-element-9aa0236 elementor-widget elementor-widget-text-editor\" data-id=\"9aa0236\" data-element_type=\"widget\" data-widget_type=\"text-editor.default\">\n\t\t\t\t<div class=\"elementor-widget-container\">\n\t\t\t\t\t\t\t<p>Website of Dekoidea.si, Tomen, doo, with its registered office in \u010cepovan, with business address at \u010cepovan 104, 5253 \u010cepovan, Republic of Slovenia, registration number 2293838, tax number SI 54343593 (hereinafter: \u201cDekoidea.si\u201d) on the website [ dekoidea.si] uses cookies, in order to make our website more attractive and to enable the use of certain functions. Cookies are small text files with an identification number that are stored locally on your device (your computer&#039;s hard drive, mobile phone, tablet, etc.) for the purpose of storing data or gaining access to data on your device and are available during later searches.<br \/><br \/>We use the following types \/ groups of cookies (a detailed description of each cookie and its installation time can be found on the page below):<\/p>\t\t\t\t\t\t<\/div>\n\t\t\t\t<\/div>\n\t\t\t\t<div class=\"elementor-element elementor-element-e2e88b5 elementor-widget elementor-widget-spacer\" data-id=\"e2e88b5\" data-element_type=\"widget\" data-widget_type=\"spacer.default\">\n\t\t\t\t<div class=\"elementor-widget-container\">\n\t\t\t\t\t<div class=\"elementor-spacer\">\n\t\t\t<div class=\"elementor-spacer-inner\"><\/div>\n\t\t<\/div>\n\t\t\t\t<\/div>\n\t\t\t\t<\/div>\n\t\t\t\t<div class=\"elementor-element elementor-element-fc3fa59 elementor-widget elementor-widget-heading\" data-id=\"fc3fa59\" data-element_type=\"widget\" data-widget_type=\"heading.default\">\n\t\t\t\t<div class=\"elementor-widget-container\">\n\t\t\t<h2 class=\"elementor-heading-title elementor-size-default\">MANDATORY COOKIES:<\/h2>\t\t<\/div>\n\t\t\t\t<\/div>\n\t\t\t\t<div class=\"elementor-element elementor-element-1a25f5b elementor-widget elementor-widget-text-editor\" data-id=\"1a25f5b\" data-element_type=\"widget\" data-widget_type=\"text-editor.default\">\n\t\t\t\t<div class=\"elementor-widget-container\">\n\t\t\t\t\t\t\t<p>Without these cookies, you cannot use the basic functions of our website. For example, while browsing our website, we manage the status of your order, or we manage your login in the event of registration on our website. Without these cookies, the website decathlon.si or its individual components will not work properly.<\/p>\t\t\t\t\t\t<\/div>\n\t\t\t\t<\/div>\n\t\t\t\t<div class=\"elementor-element elementor-element-7a7ea1e elementor-widget elementor-widget-spacer\" data-id=\"7a7ea1e\" data-element_type=\"widget\" data-widget_type=\"spacer.default\">\n\t\t\t\t<div class=\"elementor-widget-container\">\n\t\t\t\t\t<div class=\"elementor-spacer\">\n\t\t\t<div class=\"elementor-spacer-inner\"><\/div>\n\t\t<\/div>\n\t\t\t\t<\/div>\n\t\t\t\t<\/div>\n\t\t\t\t<div class=\"elementor-element elementor-element-31cfa92 elementor-widget elementor-widget-heading\" data-id=\"31cfa92\" data-element_type=\"widget\" data-widget_type=\"heading.default\">\n\t\t\t\t<div class=\"elementor-widget-container\">\n\t\t\t<h2 class=\"elementor-heading-title elementor-size-default\">FUNCTIONAL COOKIES:<\/h2>\t\t<\/div>\n\t\t\t\t<\/div>\n\t\t\t\t<div class=\"elementor-element elementor-element-fd894ce elementor-widget elementor-widget-text-editor\" data-id=\"fd894ce\" data-element_type=\"widget\" data-widget_type=\"text-editor.default\">\n\t\t\t\t<div class=\"elementor-widget-container\">\n\t\t\t\t\t\t\t<p>We use these cookies to analyze and improve the use of the website; for example, we store your username and the contents of your shopping cart or store of your choice.<\/p>\t\t\t\t\t\t<\/div>\n\t\t\t\t<\/div>\n\t\t\t\t<div class=\"elementor-element elementor-element-d7b7f67 elementor-widget elementor-widget-spacer\" data-id=\"d7b7f67\" data-element_type=\"widget\" data-widget_type=\"spacer.default\">\n\t\t\t\t<div class=\"elementor-widget-container\">\n\t\t\t\t\t<div class=\"elementor-spacer\">\n\t\t\t<div class=\"elementor-spacer-inner\"><\/div>\n\t\t<\/div>\n\t\t\t\t<\/div>\n\t\t\t\t<\/div>\n\t\t\t\t<div class=\"elementor-element elementor-element-5550917 elementor-widget elementor-widget-heading\" data-id=\"5550917\" data-element_type=\"widget\" data-widget_type=\"heading.default\">\n\t\t\t\t<div class=\"elementor-widget-container\">\n\t\t\t<h2 class=\"elementor-heading-title elementor-size-default\">ANALYTICAL OR TARGETED COOKIES:<\/h2>\t\t<\/div>\n\t\t\t\t<\/div>\n\t\t\t\t<div class=\"elementor-element elementor-element-5d12eab elementor-widget elementor-widget-text-editor\" data-id=\"5d12eab\" data-element_type=\"widget\" data-widget_type=\"text-editor.default\">\n\t\t\t\t<div class=\"elementor-widget-container\">\n\t\t\t\t\t\t\t<p>These cookies allow us to collect information about your use of our website, which allows us to optimize your user experience on the site or provide you with targeted information that interests you. Most of the cookies we use will be displayed after the search is completed, or will be deleted from your device when most search engines (except Google Chrome, which does not automatically delete search cookies) are closed. These cookies are called session cookies, which are analyzed, for example, to optimize the method of purchase on the website.<\/p><p>Other cookies remain on your device for a few days, or in rare cases for several months, and allow us to recognize you and greet you with your username (these permanent cookies) the next time you use your device. If you signed in through a user account, you can do so from a variety of devices.<\/p><p>You can set most cookie settings in the search engine to customize them to your liking. For example, you can set a search engine to refuse the use of all cookies. These settings do not guarantee the proper functioning of our website. You can also delete cookies manually in the search engine. Some cookies are provided by our partners. In this case, see the list of cookies below, which describes these cookies in more detail.<\/p><p>You can set most cookie settings in the search engine to customize them to your liking. For example, you can set a search engine to refuse the use of all cookies. These settings do not guarantee the proper functioning of our website. You can also delete cookies manually in the search engine. Some cookies are provided by our partners. In this case, see the list of cookies below, which describes these cookies in more detail.<\/p>\t\t\t\t\t\t<\/div>\n\t\t\t\t<\/div>\n\t\t\t\t<div class=\"elementor-element elementor-element-2f66dda elementor-widget elementor-widget-spacer\" data-id=\"2f66dda\" data-element_type=\"widget\" data-widget_type=\"spacer.default\">\n\t\t\t\t<div class=\"elementor-widget-container\">\n\t\t\t\t\t<div class=\"elementor-spacer\">\n\t\t\t<div class=\"elementor-spacer-inner\"><\/div>\n\t\t<\/div>\n\t\t\t\t<\/div>\n\t\t\t\t<\/div>\n\t\t\t\t<div class=\"elementor-element elementor-element-9b9d8de elementor-widget elementor-widget-heading\" data-id=\"9b9d8de\" data-element_type=\"widget\" data-widget_type=\"heading.default\">\n\t\t\t\t<div class=\"elementor-widget-container\">\n\t\t\t<h2 class=\"elementor-heading-title elementor-size-default\">HOW TO CHANGE COOKIE SETTINGS:<\/h2>\t\t<\/div>\n\t\t\t\t<\/div>\n\t\t\t\t<div class=\"elementor-element elementor-element-5fbe18c elementor-widget elementor-widget-text-editor\" data-id=\"5fbe18c\" data-element_type=\"widget\" data-widget_type=\"text-editor.default\">\n\t\t\t\t<div class=\"elementor-widget-container\">\n\t\t\t\t\t\t\t<p><u>You can control the installation of cookies on your device using the settings of your web browser. <\/u><u>To change cookie-related settings, read the instructions at the following links:<\/u><\/p><ul><li>Google Chrome - Click for instructions\u00a0<a href=\"https:\/\/support.google.com\/chrome\/answer\/95647?hl=sl&amp;p=cpn_cookies\">here<\/a><\/li><li>Mozzila Firefox - click for instructions\u00a0<a href=\"https:\/\/support.mozilla.org\/sl\/kb\/kako-omogocite-onemogocite-piskotke\">here<\/a><\/li><li>Internet Explorer - Click for instructions\u00a0<a href=\"https:\/\/support.microsoft.com\/sl-si\/help\/17442\/windows-internet-explorer-delete-manage-cookies\">here<\/a><\/li><li>Safari - click for instructions\u00a0<a href=\"https:\/\/support.apple.com\/en-euro\/guide\/safari\/sfri11471\/mac\">here<\/a><\/li><\/ul>\t\t\t\t\t\t<\/div>\n\t\t\t\t<\/div>\n\t\t\t\t<div class=\"elementor-element elementor-element-8b692ae elementor-widget elementor-widget-spacer\" data-id=\"8b692ae\" data-element_type=\"widget\" data-widget_type=\"spacer.default\">\n\t\t\t\t<div class=\"elementor-widget-container\">\n\t\t\t\t\t<div class=\"elementor-spacer\">\n\t\t\t<div class=\"elementor-spacer-inner\"><\/div>\n\t\t<\/div>\n\t\t\t\t<\/div>\n\t\t\t\t<\/div>\n\t\t\t\t<div class=\"elementor-element elementor-element-89f6c60 elementor-widget elementor-widget-heading\" data-id=\"89f6c60\" data-element_type=\"widget\" data-widget_type=\"heading.default\">\n\t\t\t\t<div class=\"elementor-widget-container\">\n\t\t\t<h2 class=\"elementor-heading-title elementor-size-default\">LIST OF COOKIES<\/h2>\t\t<\/div>\n\t\t\t\t<\/div>\n\t\t\t\t<div class=\"elementor-element elementor-element-17010d5 elementor-widget elementor-widget-text-editor\" data-id=\"17010d5\" data-element_type=\"widget\" data-widget_type=\"text-editor.default\">\n\t\t\t\t<div class=\"elementor-widget-container\">\n\t\t\t\t\t\t\t<p>WHICH COOKIES DOES OUR DEKOIDEA.SI WEBSITE USE?<\/p><p>WE ASK YOU HERE TO FILL IN WHICH COOKIES WE USE?<\/p><p>\u00a0<\/p><p>In addition to cookies, a tracking pixel may be set by either us or a third party depending on your use of the website. A tracking pixel is a small image file in the content of a website or in the body of our newsletter so that you can understand which parts of the website you are visiting and whether the content is interesting.<\/p>\t\t\t\t\t\t<\/div>\n\t\t\t\t<\/div>\n\t\t\t\t<div class=\"elementor-element elementor-element-0563fba elementor-widget elementor-widget-spacer\" data-id=\"0563fba\" data-element_type=\"widget\" data-widget_type=\"spacer.default\">\n\t\t\t\t<div class=\"elementor-widget-container\">\n\t\t\t\t\t<div class=\"elementor-spacer\">\n\t\t\t<div class=\"elementor-spacer-inner\"><\/div>\n\t\t<\/div>\n\t\t\t\t<\/div>\n\t\t\t\t<\/div>\n\t\t\t\t\t<\/div>\n\t\t<\/div>\n\t\t\t\t\t\t\t<\/div>\n\t\t<\/section>\n\t\t\t\t\t\t<\/div>\n\t\t\t\t\t<\/div>","protected":false},"excerpt":{"rendered":"<p>PI\u0160KOTKI Spletna stran Dekoidea.si, Tomen , d.o.o., s sede\u017eem v \u010cepovanu, s poslovnim naslovom na \u010cepovan 104, 5253 \u010cepovan, Republika Slovenija, mati\u010dna \u0161tevilka \u00a02293838, dav\u010dna \u0161tevilka SI 54343593 (v nadaljevanju: \u00bbDekoidea.si\u00ab) na spletni strani [dekoidea.si] uporablja pi\u0161kotke, s \u010dimer \u017eelimo poskrbeti za privla\u010dnej\u0161i obisk na\u0161e spletne strani in omogo\u010diti uporabo dolo\u010denih funkcij. Pi\u0161kotki so majhne [&hellip;]<\/p>","protected":false},"author":1,"featured_media":0,"parent":0,"menu_order":0,"comment_status":"closed","ping_status":"closed","template":"","meta":[],"_links":{"self":[{"href":"https:\/\/www.dekoidea.si\/en\/wp-json\/wp\/v2\/pages\/21142"}],"collection":[{"href":"https:\/\/www.dekoidea.si\/en\/wp-json\/wp\/v2\/pages"}],"about":[{"href":"https:\/\/www.dekoidea.si\/en\/wp-json\/wp\/v2\/types\/page"}],"author":[{"embeddable":true,"href":"https:\/\/www.dekoidea.si\/en\/wp-json\/wp\/v2\/users\/1"}],"replies":[{"embeddable":true,"href":"https:\/\/www.dekoidea.si\/en\/wp-json\/wp\/v2\/comments?post=21142"}],"version-history":[{"count":4,"href":"https:\/\/www.dekoidea.si\/en\/wp-json\/wp\/v2\/pages\/21142\/revisions"}],"predecessor-version":[{"id":21146,"href":"https:\/\/www.dekoidea.si\/en\/wp-json\/wp\/v2\/pages\/21142\/revisions\/21146"}],"wp:attachment":[{"href":"https:\/\/www.dekoidea.si\/en\/wp-json\/wp\/v2\/media?parent=21142"}],"curies":[{"name":"wp","href":"https:\/\/api.w.org\/{rel}","templated":true}]}}