{"id":21718,"date":"2023-09-07T15:33:27","date_gmt":"2023-09-07T15:33:27","guid":{"rendered":"https:\/\/www.dekoidea.si\/?post_type=product&#038;p=21718"},"modified":"2026-02-16T16:39:32","modified_gmt":"2026-02-16T16:39:32","slug":"mali-srcki-s","status":"publish","type":"product","link":"https:\/\/www.dekoidea.si\/en\/trgovina\/kategorije\/stenske-nalepke\/mali-srcki-s\/","title":{"rendered":"Little hearts S"},"content":{"rendered":"<p>Wall stickers are self-adhesive decorations that are perfect for any space in the home, as well as for public spaces such as cafes, restaurants and offices. Our wall stickers, which are easy to apply and remove, represent a traditional decoration, evergreen in the field of decoration. Our selection is rich and complete: different sizes to decorate a large wall area or give a small decorative accent in any corner of the room or furniture. All our labels are printed on non-toxic material with high quality removable glue.<\/p>\n<p>Packaging: 15.5\u00d734 cm, contents 2 sheets 15\u00d731 cm<\/p>","protected":false},"excerpt":{"rendered":"<p>Stenske nalepke so samolepilne dekoracije, ki so kot nala\u0161\u010d za vsak prostor doma, pa tudi za javne prostore, kot so kavarne, restavracije in pisarne. Na\u0161e stenske nalepke, ki jih je enostavno nanesti in odstraniti, predstavljajo tradicionalno dekoracijo, zimzeleno na podro\u010dju dekoracije. Na\u0161 izbor je bogat in popoln: razli\u010dne velikosti za okrasitev velike stenske povr\u0161ine ali [&hellip;]<\/p>","protected":false},"featured_media":21720,"comment_status":"open","ping_status":"closed","template":"","meta":[],"product_cat":[195,197,219],"product_tag":[],"_links":{"self":[{"href":"https:\/\/www.dekoidea.si\/en\/wp-json\/wp\/v2\/product\/21718"}],"collection":[{"href":"https:\/\/www.dekoidea.si\/en\/wp-json\/wp\/v2\/product"}],"about":[{"href":"https:\/\/www.dekoidea.si\/en\/wp-json\/wp\/v2\/types\/product"}],"replies":[{"embeddable":true,"href":"https:\/\/www.dekoidea.si\/en\/wp-json\/wp\/v2\/comments?post=21718"}],"version-history":[{"count":1,"href":"https:\/\/www.dekoidea.si\/en\/wp-json\/wp\/v2\/product\/21718\/revisions"}],"predecessor-version":[{"id":21721,"href":"https:\/\/www.dekoidea.si\/en\/wp-json\/wp\/v2\/product\/21718\/revisions\/21721"}],"wp:featuredmedia":[{"embeddable":true,"href":"https:\/\/www.dekoidea.si\/en\/wp-json\/wp\/v2\/media\/21720"}],"wp:attachment":[{"href":"https:\/\/www.dekoidea.si\/en\/wp-json\/wp\/v2\/media?parent=21718"}],"wp:term":[{"taxonomy":"product_cat","embeddable":true,"href":"https:\/\/www.dekoidea.si\/en\/wp-json\/wp\/v2\/product_cat?post=21718"},{"taxonomy":"product_tag","embeddable":true,"href":"https:\/\/www.dekoidea.si\/en\/wp-json\/wp\/v2\/product_tag?post=21718"}],"curies":[{"name":"wp","href":"https:\/\/api.w.org\/{rel}","templated":true}]}}