{"id":18910,"date":"2021-06-21T19:38:06","date_gmt":"2021-06-21T19:38:06","guid":{"rendered":"https:\/\/www.webpetarda.si\/Ponudbe\/femec\/trgovina\/shop\/nekategorizirano\/xl-napis-to-do-list\/"},"modified":"2025-01-22T15:39:21","modified_gmt":"2025-01-22T15:39:21","slug":"xl-napis-to-do-list","status":"publish","type":"product","link":"https:\/\/www.dekoidea.si\/hr\/trgovina\/kategorije\/stenske-nalepke\/xl-napis-to-do-list\/","title":{"rendered":"To do XL natpis"},"content":{"rendered":"<p>Oznaka kvalitete omogu\u0107uje jednostavnu i brzu ugradnju. Naljepnica je prikladna za zidove ili namje\u0161taj (ili sve ravne i glatke povr\u0161ine). Zahvaljuju\u0107i \u201cPeel &amp; Stick\u201d metodi, jednostavno odlijepite naljepnicu s lista i zalijepite je na \u017eeljenu povr\u0161inu. Kvalitetno ljepilo omogu\u0107uje vi\u0161estruku upotrebu.<\/p>\n<p>Sadr\u017eaj: 2 lista dimenzija 47 x 67 cm.<\/p>\n<p>Materijal: Visokokvalitetna vinilna folija (bez ftalata) s netoksi\u010dnim akrilnim ljepilom na bazi vode.<\/p>","protected":false},"excerpt":{"rendered":"<p>To do natpis XL je ukrasna zidna naljepnica. Sadr\u017eaj: 2 lista dimenzija 47 x 67 cm.<\/p>","protected":false},"featured_media":20612,"comment_status":"open","ping_status":"closed","template":"","meta":[],"product_cat":[204,197,219],"product_tag":[],"_links":{"self":[{"href":"https:\/\/www.dekoidea.si\/hr\/wp-json\/wp\/v2\/product\/18910"}],"collection":[{"href":"https:\/\/www.dekoidea.si\/hr\/wp-json\/wp\/v2\/product"}],"about":[{"href":"https:\/\/www.dekoidea.si\/hr\/wp-json\/wp\/v2\/types\/product"}],"replies":[{"embeddable":true,"href":"https:\/\/www.dekoidea.si\/hr\/wp-json\/wp\/v2\/comments?post=18910"}],"version-history":[{"count":3,"href":"https:\/\/www.dekoidea.si\/hr\/wp-json\/wp\/v2\/product\/18910\/revisions"}],"predecessor-version":[{"id":20613,"href":"https:\/\/www.dekoidea.si\/hr\/wp-json\/wp\/v2\/product\/18910\/revisions\/20613"}],"wp:featuredmedia":[{"embeddable":true,"href":"https:\/\/www.dekoidea.si\/hr\/wp-json\/wp\/v2\/media\/20612"}],"wp:attachment":[{"href":"https:\/\/www.dekoidea.si\/hr\/wp-json\/wp\/v2\/media?parent=18910"}],"wp:term":[{"taxonomy":"product_cat","embeddable":true,"href":"https:\/\/www.dekoidea.si\/hr\/wp-json\/wp\/v2\/product_cat?post=18910"},{"taxonomy":"product_tag","embeddable":true,"href":"https:\/\/www.dekoidea.si\/hr\/wp-json\/wp\/v2\/product_tag?post=18910"}],"curies":[{"name":"wp","href":"https:\/\/api.w.org\/{rel}","templated":true}]}}