{"id":19004,"date":"2021-06-21T19:38:28","date_gmt":"2021-06-21T19:38:28","guid":{"rendered":"https:\/\/www.webpetarda.si\/Ponudbe\/femec\/trgovina\/shop\/nekategorizirano\/ww-watercolour-animals\/"},"modified":"2024-11-26T15:53:22","modified_gmt":"2024-11-26T15:53:22","slug":"ww-watercolour-animals","status":"publish","type":"product","link":"https:\/\/www.dekoidea.si\/hr\/trgovina\/kategorije\/stenske-nalepke\/ww-watercolour-animals\/","title":{"rendered":"\u017divotinje vodene boje L obostrano"},"content":{"rendered":"<p>Pravi novi i inovativni proizvod! Naljepnica za zid i prozor u isto vrijeme: obostrano vidljiva, skidiva i savr\u0161ena za ure\u0111enje svake dje\u010dje sobe! \u010cak i najljep\u0161u dje\u010dju sobu potrebno je ukrasiti tako da osobno dotakne toplinu i ide zajedno s djetetom kroz njegov ili njezin rast. Dje\u010da\u010di\u0107u \u0107e vi\u0161e odgovarati avanturisti\u010dka atmosfera s gusarima, automobilima i dinosaurima. Djevoj\u010dicama \u0107e se svidjeti meki romanti\u010dni prostor okru\u017een vilama, \u0161arenim cvije\u0107em i princezama. Pakiranje: Blister 12,5x34x2 cm, sadr\u017eaj 1 list 30 \u00d7 100 cm<\/p>","protected":false},"excerpt":{"rendered":"<p>\u017divali vodne barve L dvostranska je otro\u0161ka nalepka\u00a0 za okna in stene. Pakiranje: Blister 12,5x34x2 cm, vsebina 1 list 30&#215;100 cm.<\/p>","protected":false},"featured_media":20204,"comment_status":"open","ping_status":"closed","template":"","meta":[],"product_cat":[199,198,197,219],"product_tag":[],"_links":{"self":[{"href":"https:\/\/www.dekoidea.si\/hr\/wp-json\/wp\/v2\/product\/19004"}],"collection":[{"href":"https:\/\/www.dekoidea.si\/hr\/wp-json\/wp\/v2\/product"}],"about":[{"href":"https:\/\/www.dekoidea.si\/hr\/wp-json\/wp\/v2\/types\/product"}],"replies":[{"embeddable":true,"href":"https:\/\/www.dekoidea.si\/hr\/wp-json\/wp\/v2\/comments?post=19004"}],"version-history":[{"count":3,"href":"https:\/\/www.dekoidea.si\/hr\/wp-json\/wp\/v2\/product\/19004\/revisions"}],"predecessor-version":[{"id":20205,"href":"https:\/\/www.dekoidea.si\/hr\/wp-json\/wp\/v2\/product\/19004\/revisions\/20205"}],"wp:featuredmedia":[{"embeddable":true,"href":"https:\/\/www.dekoidea.si\/hr\/wp-json\/wp\/v2\/media\/20204"}],"wp:attachment":[{"href":"https:\/\/www.dekoidea.si\/hr\/wp-json\/wp\/v2\/media?parent=19004"}],"wp:term":[{"taxonomy":"product_cat","embeddable":true,"href":"https:\/\/www.dekoidea.si\/hr\/wp-json\/wp\/v2\/product_cat?post=19004"},{"taxonomy":"product_tag","embeddable":true,"href":"https:\/\/www.dekoidea.si\/hr\/wp-json\/wp\/v2\/product_tag?post=19004"}],"curies":[{"name":"wp","href":"https:\/\/api.w.org\/{rel}","templated":true}]}}