{"id":19009,"date":"2021-06-21T19:38:29","date_gmt":"2021-06-21T19:38:29","guid":{"rendered":"https:\/\/www.webpetarda.si\/Ponudbe\/femec\/trgovina\/shop\/nekategorizirano\/wa-l-flow-moon\/"},"modified":"2025-06-29T14:30:04","modified_gmt":"2025-06-29T14:30:04","slug":"wa-l-flow-moon","status":"publish","type":"product","link":"https:\/\/www.dekoidea.si\/hr\/trgovina\/kategorije\/stenske-nalepke\/wa-l-flow-moon\/","title":{"rendered":"Sjajni mjesec L"},"content":{"rendered":"<p>\u010cak i najljep\u0161u dje\u010dju sobu potrebno je ukrasiti tako da osobno dotakne toplinu i ide zajedno s djetetom kroz njegov ili njezin rast. Dje\u010da\u010di\u0107u \u0107e vi\u0161e odgovarati avanturisti\u010dka atmosfera s gusarima, automobilima i dinosaurima. Djevojci \u0107e se svidjeti meki romanti\u010dni prostor okru\u017een vilama, \u0161arenim cvije\u0107em i princezama. Zato su ukrasi Kids Line koje nudimo za sve uzraste djece zaista savr\u0161eni.<\/p>\n<p>Neka va\u0161e dijete bude inspirirano \u0161armantnim ljepljivim pjenastim natpisima i ne zaboravite no\u0107u osvijetliti cijelu sobu na\u0161im sjajnim zvijezdama, klasikom svih dje\u010djih generacija!<\/p>\n<p>Pakiranje 47,5 \u00d7 70 cm, sadr\u017eaj 1 lista 47 \u00d7 67 cm<\/p>","protected":false},"excerpt":{"rendered":"<p class=\"elementor-heading-title elementor-size-default\">Svetle\u010da Luna L je stenska nalepka za otro\u0161ke sobe, ki se sveti v temi. Pakiranje 47,5&#215;70 cm, vsebina 1 lista 47&#215;67 cm<\/p>","protected":false},"featured_media":20275,"comment_status":"open","ping_status":"closed","template":"","meta":[],"product_cat":[198,197,219],"product_tag":[],"_links":{"self":[{"href":"https:\/\/www.dekoidea.si\/hr\/wp-json\/wp\/v2\/product\/19009"}],"collection":[{"href":"https:\/\/www.dekoidea.si\/hr\/wp-json\/wp\/v2\/product"}],"about":[{"href":"https:\/\/www.dekoidea.si\/hr\/wp-json\/wp\/v2\/types\/product"}],"replies":[{"embeddable":true,"href":"https:\/\/www.dekoidea.si\/hr\/wp-json\/wp\/v2\/comments?post=19009"}],"version-history":[{"count":3,"href":"https:\/\/www.dekoidea.si\/hr\/wp-json\/wp\/v2\/product\/19009\/revisions"}],"predecessor-version":[{"id":20276,"href":"https:\/\/www.dekoidea.si\/hr\/wp-json\/wp\/v2\/product\/19009\/revisions\/20276"}],"wp:featuredmedia":[{"embeddable":true,"href":"https:\/\/www.dekoidea.si\/hr\/wp-json\/wp\/v2\/media\/20275"}],"wp:attachment":[{"href":"https:\/\/www.dekoidea.si\/hr\/wp-json\/wp\/v2\/media?parent=19009"}],"wp:term":[{"taxonomy":"product_cat","embeddable":true,"href":"https:\/\/www.dekoidea.si\/hr\/wp-json\/wp\/v2\/product_cat?post=19009"},{"taxonomy":"product_tag","embeddable":true,"href":"https:\/\/www.dekoidea.si\/hr\/wp-json\/wp\/v2\/product_tag?post=19009"}],"curies":[{"name":"wp","href":"https:\/\/api.w.org\/{rel}","templated":true}]}}