{"id":19047,"date":"2021-06-21T19:38:36","date_gmt":"2021-06-21T19:38:36","guid":{"rendered":"https:\/\/www.webpetarda.si\/Ponudbe\/femec\/trgovina\/shop\/nekategorizirano\/gws-big-cactus\/"},"modified":"2021-09-06T09:36:44","modified_gmt":"2021-09-06T09:36:44","slug":"gws-big-cactus","status":"publish","type":"product","link":"https:\/\/www.dekoidea.si\/hr\/trgovina\/kategorije\/stenske-nalepke\/gws-big-cactus\/","title":{"rendered":"Veliki divovski kaktus"},"content":{"rendered":"<p>GIANT ZIDNE NALJEPNICE savr\u0161ene su za velike zidove, zabavne, \u0161arene, spremne za kori\u0161tenje i vrlo jednostavne za nano\u0161enje.<\/p>\n<p>Svaka divovska naljepnica dostupna je u papiru veli\u010dine 99 cm x 280 cm.<\/p>\n<p>Proizvod je dostupan samo uz predbilje\u017ebu. Prilikom isporuke rok isporuke mo\u017ee biti do 30 radnih dana.<\/p>","protected":false},"excerpt":{"rendered":"<p>Veliki kaktus je divovska zidna naljepnica. Svaka divovska naljepnica dostupna je u arcima veli\u010dine 99 cm x 280 cm. Dostupno samo uz predbilje\u017ebu.<\/p>","protected":false},"featured_media":19494,"comment_status":"open","ping_status":"closed","template":"","meta":[],"product_cat":[205,209,197,219],"product_tag":[],"_links":{"self":[{"href":"https:\/\/www.dekoidea.si\/hr\/wp-json\/wp\/v2\/product\/19047"}],"collection":[{"href":"https:\/\/www.dekoidea.si\/hr\/wp-json\/wp\/v2\/product"}],"about":[{"href":"https:\/\/www.dekoidea.si\/hr\/wp-json\/wp\/v2\/types\/product"}],"replies":[{"embeddable":true,"href":"https:\/\/www.dekoidea.si\/hr\/wp-json\/wp\/v2\/comments?post=19047"}],"version-history":[{"count":3,"href":"https:\/\/www.dekoidea.si\/hr\/wp-json\/wp\/v2\/product\/19047\/revisions"}],"predecessor-version":[{"id":20921,"href":"https:\/\/www.dekoidea.si\/hr\/wp-json\/wp\/v2\/product\/19047\/revisions\/20921"}],"wp:featuredmedia":[{"embeddable":true,"href":"https:\/\/www.dekoidea.si\/hr\/wp-json\/wp\/v2\/media\/19494"}],"wp:attachment":[{"href":"https:\/\/www.dekoidea.si\/hr\/wp-json\/wp\/v2\/media?parent=19047"}],"wp:term":[{"taxonomy":"product_cat","embeddable":true,"href":"https:\/\/www.dekoidea.si\/hr\/wp-json\/wp\/v2\/product_cat?post=19047"},{"taxonomy":"product_tag","embeddable":true,"href":"https:\/\/www.dekoidea.si\/hr\/wp-json\/wp\/v2\/product_tag?post=19047"}],"curies":[{"name":"wp","href":"https:\/\/api.w.org\/{rel}","templated":true}]}}