{"id":20706,"date":"2021-08-30T13:40:05","date_gmt":"2021-08-30T13:40:05","guid":{"rendered":"https:\/\/www.webpetarda.si\/Ponudbe\/femec\/?post_type=product&#038;p=20706"},"modified":"2021-09-06T08:47:09","modified_gmt":"2021-09-06T08:47:09","slug":"vzglavje-zvezdnata-noc-van-gogh-dvoposteljno-xl","status":"publish","type":"product","link":"https:\/\/www.dekoidea.si\/hr\/trgovina\/posteljno-vzglavje\/vzglavje-zvezdnata-noc-van-gogh-dvoposteljno-xl\/","title":{"rendered":"Uzglavlje kreveta Starry Night Van Gogh Double XL"},"content":{"rendered":"<p>Uzglavlja kreveta su zidne naljepnice plavog dizajna i jednostavne za postavljanje. Mekani i jednostavni za \u010di\u0161\u0107enje, sprje\u010davaju pojavu plijesni na zidnim povr\u0161inama i pru\u017eaju dodatnu izolaciju. Lako se \u010disti neabrazivnim sredstvima.<\/p>\n<p>Materijal: netoksi\u010dna pjena debljine 2 mm<\/p>\n<p>Veli\u010dina: 1 panel 165 x 78 cm<\/p>\n<p>Proizvod je dostupan samo uz predbilje\u017ebu. Prilikom isporuke rok isporuke mo\u017ee biti do 30 radnih dana.<\/p>","protected":false},"excerpt":{"rendered":"<p>Uzglavlje kreveta Starry Night Van Gogh Double XL je mekana, pjenasta, zidna naljepnica za uzglavlje. Veli\u010dina: 1 panel 165 x 78 cm. Dostupno po prednarud\u017ebi<\/p>","protected":false},"featured_media":20710,"comment_status":"open","ping_status":"closed","template":"","meta":[],"product_cat":[209,207,219],"product_tag":[],"_links":{"self":[{"href":"https:\/\/www.dekoidea.si\/hr\/wp-json\/wp\/v2\/product\/20706"}],"collection":[{"href":"https:\/\/www.dekoidea.si\/hr\/wp-json\/wp\/v2\/product"}],"about":[{"href":"https:\/\/www.dekoidea.si\/hr\/wp-json\/wp\/v2\/types\/product"}],"replies":[{"embeddable":true,"href":"https:\/\/www.dekoidea.si\/hr\/wp-json\/wp\/v2\/comments?post=20706"}],"version-history":[{"count":2,"href":"https:\/\/www.dekoidea.si\/hr\/wp-json\/wp\/v2\/product\/20706\/revisions"}],"predecessor-version":[{"id":20899,"href":"https:\/\/www.dekoidea.si\/hr\/wp-json\/wp\/v2\/product\/20706\/revisions\/20899"}],"wp:featuredmedia":[{"embeddable":true,"href":"https:\/\/www.dekoidea.si\/hr\/wp-json\/wp\/v2\/media\/20710"}],"wp:attachment":[{"href":"https:\/\/www.dekoidea.si\/hr\/wp-json\/wp\/v2\/media?parent=20706"}],"wp:term":[{"taxonomy":"product_cat","embeddable":true,"href":"https:\/\/www.dekoidea.si\/hr\/wp-json\/wp\/v2\/product_cat?post=20706"},{"taxonomy":"product_tag","embeddable":true,"href":"https:\/\/www.dekoidea.si\/hr\/wp-json\/wp\/v2\/product_tag?post=20706"}],"curies":[{"name":"wp","href":"https:\/\/api.w.org\/{rel}","templated":true}]}}