{"id":20748,"date":"2021-08-31T08:18:53","date_gmt":"2021-08-31T08:18:53","guid":{"rendered":"https:\/\/www.webpetarda.si\/Ponudbe\/femec\/?post_type=product&#038;p=20748"},"modified":"2021-09-06T08:41:34","modified_gmt":"2021-09-06T08:41:34","slug":"tropska-plaza-za-vrata-gigantska","status":"publish","type":"product","link":"https:\/\/www.dekoidea.si\/hr\/trgovina\/kategorije\/za-vrata\/tropska-plaza-za-vrata-gigantska\/","title":{"rendered":"Tropska pla\u017ea za vrata"},"content":{"rendered":"<p>Naljepnice za vrata dizajnirane su za ukra\u0161avanje svih ravnih povr\u0161ina. Tako\u0111er se mogu lijepiti na zidove, prozore, plo\u010dice, ogledala i vrata. Lako se postavljaju, s prilo\u017eenom plasti\u010dnom spu\u017evom. Pakiranje u cijevi.<\/p>\n<p><strong>Veli\u010dina:\u00a0<\/strong>1 list 83 \u00d7 210 cm<br \/>\n<strong>Materijal:\u00a0<\/strong>netoksi\u010dni vinil bez ftalata.<\/p>\n<p>Proizvod je dostupan samo uz predbilje\u017ebu. Prilikom isporuke rok isporuke mo\u017ee biti do 30 radnih dana.<\/p>\n<p>Smje\u0161taj\u00a0<a href=\"https:\/\/youtu.be\/-JF2z8E37c8\">video<\/a><\/p>","protected":false},"excerpt":{"rendered":"<p class=\"elementor-heading-title elementor-size-default\">Tropska pla\u017ea za vrata gigantska je nalepka za na stene, okna, plo\u0161\u010dice, ogledala in vrata. Velikost: 1 list 83&#215;210 cm. Na voljo po prednaro\u010dilu.<\/p>","protected":false},"featured_media":20750,"comment_status":"open","ping_status":"closed","template":"","meta":[],"product_cat":[209,195,219,206],"product_tag":[],"_links":{"self":[{"href":"https:\/\/www.dekoidea.si\/hr\/wp-json\/wp\/v2\/product\/20748"}],"collection":[{"href":"https:\/\/www.dekoidea.si\/hr\/wp-json\/wp\/v2\/product"}],"about":[{"href":"https:\/\/www.dekoidea.si\/hr\/wp-json\/wp\/v2\/types\/product"}],"replies":[{"embeddable":true,"href":"https:\/\/www.dekoidea.si\/hr\/wp-json\/wp\/v2\/comments?post=20748"}],"version-history":[{"count":2,"href":"https:\/\/www.dekoidea.si\/hr\/wp-json\/wp\/v2\/product\/20748\/revisions"}],"predecessor-version":[{"id":20889,"href":"https:\/\/www.dekoidea.si\/hr\/wp-json\/wp\/v2\/product\/20748\/revisions\/20889"}],"wp:featuredmedia":[{"embeddable":true,"href":"https:\/\/www.dekoidea.si\/hr\/wp-json\/wp\/v2\/media\/20750"}],"wp:attachment":[{"href":"https:\/\/www.dekoidea.si\/hr\/wp-json\/wp\/v2\/media?parent=20748"}],"wp:term":[{"taxonomy":"product_cat","embeddable":true,"href":"https:\/\/www.dekoidea.si\/hr\/wp-json\/wp\/v2\/product_cat?post=20748"},{"taxonomy":"product_tag","embeddable":true,"href":"https:\/\/www.dekoidea.si\/hr\/wp-json\/wp\/v2\/product_tag?post=20748"}],"curies":[{"name":"wp","href":"https:\/\/api.w.org\/{rel}","templated":true}]}}