{"id":20779,"date":"2021-09-03T07:44:50","date_gmt":"2021-09-03T07:44:50","guid":{"rendered":"https:\/\/www.webpetarda.si\/Ponudbe\/femec\/?post_type=product&#038;p=20779"},"modified":"2023-08-08T09:28:07","modified_gmt":"2023-08-08T09:28:07","slug":"kamnite-roze-talne-ploscice-l","status":"publish","type":"product","link":"https:\/\/www.dekoidea.si\/hr\/trgovina\/kategorije\/za-kopalnico\/kamnite-roze-talne-ploscice-l\/","title":{"rendered":"Kamene podne plo\u010dice cvije\u0107e L"},"content":{"rendered":"<p>Ukrasne podne plo\u010dice izra\u0111ene su od neklizaju\u0107eg vinila mat izgleda. Plo\u010dice koje se mogu prati i otporne na ogrebotine lako se postavljaju i uklanjaju. Plo\u010dice se mogu ukloniti bez ostavljanja tragova ljepila i bez o\u0161te\u0107enja poda.<\/p>\n<p>Lako se re\u017ee olfa no\u017eem. Lako se \u010disti univerzalnim sredstvom za \u010di\u0161\u0107enje. Debljina 0,3mm, \u0161to zna\u010di da se mogu ugraditi i ispod vrata. Ne blijede. Otporan na vodu i vlagu.<\/p>\n<p>Preporu\u010dujemo da prije postavljanja plo\u010dica u prostoriju postavite aparate i te\u017ei namje\u0161taj, jer pomicanje te\u017eih predmeta mo\u017ee izgrebati povr\u0161inu plo\u010dice.<\/p>\n<p>Materijal: netoksi\u010dni vinil, bez ftalata, R9 certificiran protiv klizanja<\/p>\n<p>Pakiranje: 3 plo\u010dice, 40 x 40 cm.<\/p>\n<p>Proizvod je dostupan samo uz predbilje\u017ebu. Prilikom isporuke rok isporuke mo\u017ee biti do 30 radnih dana.<\/p>","protected":false},"excerpt":{"rendered":"<p>Stone flowers podne plo\u010dice L su dekorativne za\u0161titne naljepnice za kuhinje i kupaonice. Otporne su na vlagu i vodu. Pakiranje: 3 plo\u010dice, 40 x 40 cm.<\/p>","protected":false},"featured_media":20782,"comment_status":"open","ping_status":"closed","template":"","meta":[],"product_cat":[209,219,202,203,208],"product_tag":[],"_links":{"self":[{"href":"https:\/\/www.dekoidea.si\/hr\/wp-json\/wp\/v2\/product\/20779"}],"collection":[{"href":"https:\/\/www.dekoidea.si\/hr\/wp-json\/wp\/v2\/product"}],"about":[{"href":"https:\/\/www.dekoidea.si\/hr\/wp-json\/wp\/v2\/types\/product"}],"replies":[{"embeddable":true,"href":"https:\/\/www.dekoidea.si\/hr\/wp-json\/wp\/v2\/comments?post=20779"}],"version-history":[{"count":2,"href":"https:\/\/www.dekoidea.si\/hr\/wp-json\/wp\/v2\/product\/20779\/revisions"}],"predecessor-version":[{"id":20884,"href":"https:\/\/www.dekoidea.si\/hr\/wp-json\/wp\/v2\/product\/20779\/revisions\/20884"}],"wp:featuredmedia":[{"embeddable":true,"href":"https:\/\/www.dekoidea.si\/hr\/wp-json\/wp\/v2\/media\/20782"}],"wp:attachment":[{"href":"https:\/\/www.dekoidea.si\/hr\/wp-json\/wp\/v2\/media?parent=20779"}],"wp:term":[{"taxonomy":"product_cat","embeddable":true,"href":"https:\/\/www.dekoidea.si\/hr\/wp-json\/wp\/v2\/product_cat?post=20779"},{"taxonomy":"product_tag","embeddable":true,"href":"https:\/\/www.dekoidea.si\/hr\/wp-json\/wp\/v2\/product_tag?post=20779"}],"curies":[{"name":"wp","href":"https:\/\/api.w.org\/{rel}","templated":true}]}}