{"id":21936,"date":"2024-12-09T15:08:22","date_gmt":"2024-12-09T15:08:22","guid":{"rendered":"https:\/\/www.dekoidea.si\/trgovina\/nekategorizirano\/samorog-ml-dvostranska-copy\/"},"modified":"2026-02-27T14:12:35","modified_gmt":"2026-02-27T14:12:35","slug":"snezinke-ml-dvostranska","status":"publish","type":"product","link":"https:\/\/www.dekoidea.si\/hr\/trgovina\/kategorije\/bozicne-nalepke\/snezinke-ml-dvostranska\/","title":{"rendered":"Bo\u017ei\u010dne sne\u017einke ML dvostranska"},"content":{"rendered":"<p>Linija sve\u010danih ukrasa za staklo i zidove namijenjena je za prozore i druge staklene povr\u0161ine (ogledala,...) kao i ugradnju na ravne povr\u0161ine poput zidova i ormara. Dekoracije su dvostrane, izra\u0111ene od PVC-a. Zbog toga na va\u0161im prozorima nema tragova ljepila, monta\u017ea je brza i laka, a ukrase mo\u017eete pomicati nekoliko puta. Staklo se mo\u017ee normalno \u010distiti deterd\u017eentom za staklo, \u010dak i ako se na njih stavljaju ukrasi.<\/p>\n<p>Sadr\u017eaj: 1 list dimenzija 22 \u00d7 67 cm.<\/p>\n<p>Materijal: netoksi\u010dni vinil<\/p>","protected":false},"excerpt":{"rendered":"<p>Bo\u017ei\u010dne sne\u017einke ML dvostranska je\u00a0dekorativna prazni\u010dna nalepka za polep\u0161anje va\u0161ih prostorov in oken za praznovanje bo\u017ei\u010da in novega leta. Velikost je 22&#215;67 cm.<\/p>","protected":false},"featured_media":21230,"comment_status":"open","ping_status":"closed","template":"","meta":[],"product_cat":[238,210,219],"product_tag":[],"_links":{"self":[{"href":"https:\/\/www.dekoidea.si\/hr\/wp-json\/wp\/v2\/product\/21936"}],"collection":[{"href":"https:\/\/www.dekoidea.si\/hr\/wp-json\/wp\/v2\/product"}],"about":[{"href":"https:\/\/www.dekoidea.si\/hr\/wp-json\/wp\/v2\/types\/product"}],"replies":[{"embeddable":true,"href":"https:\/\/www.dekoidea.si\/hr\/wp-json\/wp\/v2\/comments?post=21936"}],"version-history":[{"count":2,"href":"https:\/\/www.dekoidea.si\/hr\/wp-json\/wp\/v2\/product\/21936\/revisions"}],"predecessor-version":[{"id":21938,"href":"https:\/\/www.dekoidea.si\/hr\/wp-json\/wp\/v2\/product\/21936\/revisions\/21938"}],"wp:featuredmedia":[{"embeddable":true,"href":"https:\/\/www.dekoidea.si\/hr\/wp-json\/wp\/v2\/media\/21230"}],"wp:attachment":[{"href":"https:\/\/www.dekoidea.si\/hr\/wp-json\/wp\/v2\/media?parent=21936"}],"wp:term":[{"taxonomy":"product_cat","embeddable":true,"href":"https:\/\/www.dekoidea.si\/hr\/wp-json\/wp\/v2\/product_cat?post=21936"},{"taxonomy":"product_tag","embeddable":true,"href":"https:\/\/www.dekoidea.si\/hr\/wp-json\/wp\/v2\/product_tag?post=21936"}],"curies":[{"name":"wp","href":"https:\/\/api.w.org\/{rel}","templated":true}]}}